{"id":65,"date":"2023-01-28T11:12:55","date_gmt":"2023-01-28T11:12:55","guid":{"rendered":"https:\/\/www.daniel-kaplan.com\/?page_id=65"},"modified":"2025-03-06T14:24:09","modified_gmt":"2025-03-06T14:24:09","slug":"sponzoring","status":"publish","type":"page","link":"https:\/\/www.daniel-kaplan.com\/?page_id=65","title":{"rendered":"SPONZORING"},"content":{"rendered":"<p>[et_pb_section fb_built=&#8220;1&#8243; custom_padding_last_edited=&#8220;off|phone&#8220; admin_label=&#8220;Header&#8220; _builder_version=&#8220;4.19.5&#8243; use_background_color_gradient=&#8220;on&#8220; background_color_gradient_stops=&#8220;#000000 0%|rgba(0,0,0,0.2) 10%|rgba(0,0,0,0) 50%|rgba(0,0,0,0.64) 95%|#000000 100%&#8220; background_color_gradient_overlays_image=&#8220;on&#8220; background_color_gradient_start=&#8220;rgba(0,0,0,0.5)&#8220; background_color_gradient_end=&#8220;#000000&#8243; background_image=&#8220;http:\/\/www.daniel-kaplan.com\/wp-content\/uploads\/2023\/01\/IMG_9047-scaled.jpeg&#8220; custom_padding=&#8220;10vw||10vw||true|false&#8220; locked=&#8220;off&#8220; global_colors_info=&#8220;{}&#8220;][et_pb_row _builder_version=&#8220;4.19.5&#8243; global_colors_info=&#8220;{}&#8220;][et_pb_column type=&#8220;4_4&#8243; _builder_version=&#8220;4.16&#8243; global_colors_info=&#8220;{}&#8220;][et_pb_text _builder_version=&#8220;4.19.5&#8243; text_text_color=&#8220;rgba(255,255,255,0.5)&#8220; text_font_size=&#8220;16px&#8220; text_line_height=&#8220;1.8em&#8220; header_font=&#8220;Montserrat|300||on|||||&#8220; header_font_size=&#8220;4vw&#8220; header_line_height=&#8220;1.2em&#8220; header_3_font=&#8220;Montserrat|700||on|||||&#8220; header_3_text_color=&#8220;#f9002b&#8220; header_3_font_size=&#8220;16px&#8220; header_3_letter_spacing=&#8220;2px&#8220; header_3_line_height=&#8220;1.4em&#8220; background_layout=&#8220;dark&#8220; header_3_font_size_tablet=&#8220;14px&#8220; header_3_font_size_phone=&#8220;&#8220; header_3_font_size_last_edited=&#8220;on|phone&#8220; text_text_align=&#8220;left&#8220; locked=&#8220;off&#8220; global_colors_info=&#8220;{}&#8220;]<\/p>\n<h3>NYN\u00cd MNE PODPORUJ\u00cd<\/h3>\n<h1>SPONZORING<\/h1>\n<p>[\/et_pb_text][et_pb_text _builder_version=&#8220;4.19.5&#8243; text_text_color=&#8220;rgba(255,255,255,0.5)&#8220; text_font_size=&#8220;16px&#8220; text_line_height=&#8220;1.8em&#8220; header_font=&#8220;Montserrat|300||on|||||&#8220; header_font_size=&#8220;6vw&#8220; header_line_height=&#8220;1.2em&#8220; header_3_font=&#8220;Montserrat|700||on|||||&#8220; header_3_text_color=&#8220;#f9002b&#8220; header_3_font_size=&#8220;16px&#8220; header_3_letter_spacing=&#8220;2px&#8220; header_3_line_height=&#8220;1.4em&#8220; background_layout=&#8220;dark&#8220; header_3_font_size_tablet=&#8220;14px&#8220; header_3_font_size_phone=&#8220;&#8220; header_3_font_size_last_edited=&#8220;on|phone&#8220; text_text_align=&#8220;left&#8220; locked=&#8220;off&#8220; global_colors_info=&#8220;{}&#8220;]<\/p>\n<h1><strong>DDK<\/strong><\/h1>\n<p>[\/et_pb_text][et_pb_button button_url=&#8220;https:\/\/youtu.be\/6uRcP4hyFmQ&#8220; button_text=&#8220;POD\u00cdVEJTE SE NA M\u00c9 VIDEO&#8220; _builder_version=&#8220;4.19.5&#8243; custom_button=&#8220;on&#8220; button_text_size=&#8220;14px&#8220; button_text_color=&#8220;#ffffff&#8220; button_bg_color=&#8220;#f9002b&#8220; button_border_width=&#8220;0px&#8220; button_letter_spacing=&#8220;2px&#8220; button_font=&#8220;Montserrat|600||on|||||&#8220; button_icon=&#8220;&#xe024;||divi||400&#8243; button_icon_placement=&#8220;left&#8220; button_on_hover=&#8220;off&#8220; custom_padding=&#8220;15px|25px|15px|38px|true|false&#8220; locked=&#8220;off&#8220; global_colors_info=&#8220;{}&#8220; button_bg_color__hover=&#8220;#6e42ff&#8220; button_bg_color__hover_enabled=&#8220;on|hover&#8220; button_bg_enable_color__hover=&#8220;on&#8220;][\/et_pb_button][\/et_pb_column][\/et_pb_row][\/et_pb_section][et_pb_section fb_built=&#8220;1&#8243; admin_label=&#8220;Movies&#8220; _builder_version=&#8220;4.16&#8243; background_color=&#8220;#000000&#8243; global_colors_info=&#8220;{}&#8220;][et_pb_row column_structure=&#8220;1_4,1_4,1_4,1_4&#8243; use_custom_gutter=&#8220;on&#8220; gutter_width=&#8220;2&#8243; _builder_version=&#8220;4.16&#8243; width_tablet=&#8220;80%&#8220; width_last_edited=&#8220;off|tablet&#8220; max_width=&#8220;none&#8220; locked=&#8220;off&#8220; global_colors_info=&#8220;{}&#8220;][et_pb_column type=&#8220;1_4&#8243; _builder_version=&#8220;4.16&#8243; global_colors_info=&#8220;{}&#8220;][et_pb_image src=&#8220;http:\/\/www.daniel-kaplan.com\/wp-content\/uploads\/2025\/03\/MG-ORBION-CARS-LOGO.png&#8220; title_text=&#8220;MG ORBION CARS LOGO&#8220; url=&#8220;https:\/\/orbion.mgmotor-czech.cz&#8220; _builder_version=&#8220;4.27.0&#8243; hover_enabled=&#8220;0&#8243; locked=&#8220;off&#8220; global_colors_info=&#8220;{}&#8220; sticky_enabled=&#8220;0&#8243;][\/et_pb_image][et_pb_text _builder_version=&#8220;4.27.0&#8243; text_text_color=&#8220;rgba(255,255,255,0.7)&#8220; text_font_size=&#8220;13px&#8220; header_3_font=&#8220;Montserrat|600|||||||&#8220; header_3_font_size=&#8220;18px&#8220; background_layout=&#8220;dark&#8220; link_option_url=&#8220;https:\/\/orbion.mgmotor-czech.cz&#8220; hover_enabled=&#8220;0&#8243; global_colors_info=&#8220;{}&#8220; sticky_enabled=&#8220;0&#8243;]<\/p>\n<h3>ORBION CARS<\/h3>\n<p>Autorizovan\u00fd prodej a servis MG<\/p>\n<p>[\/et_pb_text][et_pb_button button_url=&#8220;https:\/\/orbion.mgmotor-czech.cz&#8220; button_text=&#8220;NAV\u0160T\u00cdVIT&#8220; button_alignment=&#8220;left&#8220; _builder_version=&#8220;4.27.0&#8243; custom_button=&#8220;on&#8220; button_text_size=&#8220;11px&#8220; button_text_color=&#8220;#ffffff&#8220; button_bg_color=&#8220;rgba(0,0,0,0)&#8220; button_border_width=&#8220;1px&#8220; button_border_color=&#8220;#f9002b&#8220; button_letter_spacing=&#8220;2px&#8220; button_font=&#8220;Montserrat|600||on|||||&#8220; button_use_icon=&#8220;off&#8220; custom_margin=&#8220;||||false|false&#8220; custom_padding=&#8220;6px|18px|6px|18px|true|true&#8220; hover_enabled=&#8220;0&#8243; locked=&#8220;off&#8220; global_colors_info=&#8220;{}&#8220; button_bg_color__hover=&#8220;#6e42ff&#8220; button_bg_color__hover_enabled=&#8220;on|hover&#8220; button_bg_enable_color__hover=&#8220;on&#8220; button_text_color__hover_enabled=&#8220;on|desktop&#8220; button_text_color__hover=&#8220;#ffffff&#8220; button_border_color__hover_enabled=&#8220;on|hover&#8220; button_border_color__hover=&#8220;rgba(0,0,0,0)&#8220; sticky_enabled=&#8220;0&#8243;][\/et_pb_button][\/et_pb_column][et_pb_column type=&#8220;1_4&#8243; _builder_version=&#8220;4.16&#8243; global_colors_info=&#8220;{}&#8220;][et_pb_image src=&#8220;http:\/\/www.daniel-kaplan.com\/wp-content\/uploads\/2023\/01\/IMG_8940.jpeg&#8220; title_text=&#8220;IMG_8940&#8243; url=&#8220;https:\/\/www.frankiemoto.cz\/upravy\/&#8220; _builder_version=&#8220;4.19.5&#8243; locked=&#8220;off&#8220; global_colors_info=&#8220;{}&#8220;][\/et_pb_image][et_pb_text _builder_version=&#8220;4.19.5&#8243; text_text_color=&#8220;rgba(255,255,255,0.7)&#8220; text_font_size=&#8220;13px&#8220; header_3_font=&#8220;Montserrat|600|||||||&#8220; header_3_font_size=&#8220;18px&#8220; background_layout=&#8220;dark&#8220; link_option_url=&#8220;https:\/\/www.frankiemoto.cz\/upravy\/&#8220; locked=&#8220;off&#8220; global_colors_info=&#8220;{}&#8220;]<\/p>\n<h3>CUSTOM BIKES<\/h3>\n<p>DESIGNOV\u00c9 \u00daPRAVY MOTOREK &#8211; PAVEL \u010c\u00cdHAL\u00cdK DESIGN<\/p>\n<p>[\/et_pb_text][et_pb_button button_url=&#8220;https:\/\/www.frankiemoto.cz\/upravy\/&#8220; button_text=&#8220;NAV\u0160T\u00cdVIT&#8220; button_alignment=&#8220;left&#8220; _builder_version=&#8220;4.19.5&#8243; custom_button=&#8220;on&#8220; button_text_size=&#8220;11px&#8220; button_text_color=&#8220;#ffffff&#8220; button_bg_color=&#8220;rgba(0,0,0,0)&#8220; button_border_width=&#8220;1px&#8220; button_border_color=&#8220;#f9002b&#8220; button_letter_spacing=&#8220;2px&#8220; button_font=&#8220;Montserrat|600||on|||||&#8220; button_use_icon=&#8220;off&#8220; custom_margin=&#8220;||||false|false&#8220; custom_padding=&#8220;6px|18px|6px|18px|true|true&#8220; locked=&#8220;off&#8220; global_colors_info=&#8220;{}&#8220; button_bg_color__hover=&#8220;#6e42ff&#8220; button_bg_color__hover_enabled=&#8220;on|hover&#8220; button_bg_enable_color__hover=&#8220;on&#8220; button_text_color__hover_enabled=&#8220;on|desktop&#8220; button_text_color__hover=&#8220;#ffffff&#8220; button_border_color__hover_enabled=&#8220;on|hover&#8220; button_border_color__hover=&#8220;rgba(0,0,0,0)&#8220;][\/et_pb_button][\/et_pb_column][et_pb_column type=&#8220;1_4&#8243; _builder_version=&#8220;4.16&#8243; global_colors_info=&#8220;{}&#8220;][et_pb_image src=&#8220;http:\/\/www.daniel-kaplan.com\/wp-content\/uploads\/2023\/01\/IMG_8943.jpeg&#8220; title_text=&#8220;IMG_8943&#8243; url=&#8220;http:\/\/inkos.cz\/&#8220; _builder_version=&#8220;4.19.5&#8243; locked=&#8220;off&#8220; global_colors_info=&#8220;{}&#8220;][\/et_pb_image][et_pb_text _builder_version=&#8220;4.19.5&#8243; text_text_color=&#8220;rgba(255,255,255,0.7)&#8220; text_font_size=&#8220;13px&#8220; header_3_font=&#8220;Montserrat|600|||||||&#8220; header_3_font_size=&#8220;18px&#8220; background_layout=&#8220;dark&#8220; locked=&#8220;off&#8220; global_colors_info=&#8220;{}&#8220;]<\/p>\n<h3>INKOS<\/h3>\n<p>ZA\u0158\u00cdZEN\u00cd PRO \u010cI\u0160T\u011aN\u00cd ODPADN\u00cdCH A PR\u016eMYSLOV\u00ddCH VOD<\/p>\n<p>[\/et_pb_text][et_pb_button button_url=&#8220;http:\/\/inkos.cz\/&#8220; button_text=&#8220;NAV\u0160T\u00cdVIT&#8220; button_alignment=&#8220;left&#8220; _builder_version=&#8220;4.19.5&#8243; custom_button=&#8220;on&#8220; button_text_size=&#8220;11px&#8220; button_text_color=&#8220;#ffffff&#8220; button_bg_color=&#8220;rgba(0,0,0,0)&#8220; button_border_width=&#8220;1px&#8220; button_border_color=&#8220;#f9002b&#8220; button_letter_spacing=&#8220;2px&#8220; button_font=&#8220;Montserrat|600||on|||||&#8220; button_use_icon=&#8220;off&#8220; custom_margin=&#8220;||||false|false&#8220; custom_padding=&#8220;6px|18px|6px|18px|true|true&#8220; locked=&#8220;off&#8220; global_colors_info=&#8220;{}&#8220; button_bg_color__hover=&#8220;#6e42ff&#8220; button_bg_color__hover_enabled=&#8220;on|hover&#8220; button_bg_enable_color__hover=&#8220;on&#8220; button_text_color__hover_enabled=&#8220;on|desktop&#8220; button_text_color__hover=&#8220;#ffffff&#8220; button_border_color__hover_enabled=&#8220;on|hover&#8220; button_border_color__hover=&#8220;rgba(0,0,0,0)&#8220;][\/et_pb_button][\/et_pb_column][et_pb_column type=&#8220;1_4&#8243; _builder_version=&#8220;4.16&#8243; global_colors_info=&#8220;{}&#8220;][et_pb_image src=&#8220;http:\/\/www.daniel-kaplan.com\/wp-content\/uploads\/2023\/01\/IMG_8967.jpeg&#8220; title_text=&#8220;IMG_8967&#8243; url=&#8220;https:\/\/www.frankiemoto.cz\/&#8220; _builder_version=&#8220;4.19.5&#8243; hover_enabled=&#8220;0&#8243; locked=&#8220;off&#8220; global_colors_info=&#8220;{}&#8220; sticky_enabled=&#8220;0&#8243;][\/et_pb_image][et_pb_text _builder_version=&#8220;4.19.5&#8243; text_text_color=&#8220;rgba(255,255,255,0.7)&#8220; text_font_size=&#8220;13px&#8220; header_3_font=&#8220;Montserrat|600|||||||&#8220; header_3_font_size=&#8220;18px&#8220; background_layout=&#8220;dark&#8220; link_option_url=&#8220;https:\/\/www.frankiemoto.cz\/&#8220; locked=&#8220;off&#8220; global_colors_info=&#8220;{}&#8220;]<\/p>\n<h3>FRANKIE MOTO<\/h3>\n<p>PRODEJ A SEVIS MOTOCYKL\u016e<\/p>\n<p>[\/et_pb_text][et_pb_button button_url=&#8220;https:\/\/www.frankiemoto.cz\/&#8220; button_text=&#8220;NAV\u0160T\u00cdVIT&#8220; button_alignment=&#8220;left&#8220; _builder_version=&#8220;4.19.5&#8243; custom_button=&#8220;on&#8220; button_text_size=&#8220;11px&#8220; button_text_color=&#8220;#ffffff&#8220; button_bg_color=&#8220;rgba(0,0,0,0)&#8220; button_border_width=&#8220;1px&#8220; button_border_color=&#8220;#f9002b&#8220; button_letter_spacing=&#8220;2px&#8220; button_font=&#8220;Montserrat|600||on|||||&#8220; button_use_icon=&#8220;off&#8220; custom_margin=&#8220;||||false|false&#8220; custom_padding=&#8220;6px|18px|6px|18px|true|true&#8220; locked=&#8220;off&#8220; global_colors_info=&#8220;{}&#8220; button_bg_color__hover=&#8220;#6e42ff&#8220; button_bg_color__hover_enabled=&#8220;on|hover&#8220; button_bg_enable_color__hover=&#8220;on&#8220; button_text_color__hover_enabled=&#8220;on|desktop&#8220; button_text_color__hover=&#8220;#ffffff&#8220; button_border_color__hover_enabled=&#8220;on|hover&#8220; button_border_color__hover=&#8220;rgba(0,0,0,0)&#8220;][\/et_pb_button][\/et_pb_column][\/et_pb_row][\/et_pb_section][et_pb_section fb_built=&#8220;1&#8243; admin_label=&#8220;Footer&#8220; _builder_version=&#8220;4.16&#8243; use_background_color_gradient=&#8220;on&#8220; background_color_gradient_stops=&#8220;#000000 0%|rgba(0,0,0,0) 50%&#8220; background_color_gradient_overlays_image=&#8220;on&#8220; background_color_gradient_start=&#8220;#000000&#8243; background_color_gradient_end=&#8220;rgba(0,0,0,0)&#8220; background_color_gradient_end_position=&#8220;50%&#8220; background_image=&#8220;http:\/\/www.daniel-kaplan.com\/wp-content\/uploads\/2023\/01\/theater-01.jpg&#8220; locked=&#8220;off&#8220; global_colors_info=&#8220;{}&#8220;][et_pb_row _builder_version=&#8220;4.16&#8243; global_colors_info=&#8220;{}&#8220;][et_pb_column type=&#8220;4_4&#8243; _builder_version=&#8220;4.16&#8243; global_colors_info=&#8220;{}&#8220;][et_pb_button button_text=&#8220;PODPORUJ\u00cd MNE&#8220; button_alignment=&#8220;center&#8220; _builder_version=&#8220;4.27.0&#8243; custom_button=&#8220;on&#8220; button_text_size=&#8220;14px&#8220; button_text_color=&#8220;#ffffff&#8220; button_bg_color=&#8220;#6e42ff&#8220; button_border_width=&#8220;0px&#8220; button_letter_spacing=&#8220;2px&#8220; button_font=&#8220;Montserrat|600||on|||||&#8220; button_icon=&#8220;&#xe078;||divi||400&#8243; button_icon_placement=&#8220;left&#8220; button_on_hover=&#8220;off&#8220; custom_margin=&#8220;||||false|false&#8220; custom_padding=&#8220;15px|25px|15px|38px|true|false&#8220; hover_enabled=&#8220;0&#8243; locked=&#8220;off&#8220; global_colors_info=&#8220;{}&#8220; button_bg_color__hover=&#8220;#ffffff&#8220; button_bg_color__hover_enabled=&#8220;on|hover&#8220; button_bg_enable_color__hover=&#8220;on&#8220; button_text_color__hover_enabled=&#8220;on|hover&#8220; button_text_color__hover=&#8220;#6e42ff&#8220; sticky_enabled=&#8220;0&#8243;][\/et_pb_button][\/et_pb_column][\/et_pb_row][et_pb_row column_structure=&#8220;1_2,1_2&#8243; make_equal=&#8220;on&#8220; _builder_version=&#8220;4.27.0&#8243; custom_padding=&#8220;||0px|||&#8220; hover_enabled=&#8220;0&#8243; locked=&#8220;off&#8220; global_colors_info=&#8220;{}&#8220; sticky_enabled=&#8220;0&#8243;][et_pb_column type=&#8220;1_2&#8243; _builder_version=&#8220;4.27.0&#8243; hover_enabled=&#8220;0&#8243; global_colors_info=&#8220;{}&#8220; sticky_enabled=&#8220;0&#8243;][et_pb_text _builder_version=&#8220;4.19.5&#8243; header_2_font=&#8220;Montserrat|300|||||||&#8220; header_2_font_size=&#8220;40px&#8220; header_2_line_height=&#8220;1.2em&#8220; header_3_font=&#8220;Montserrat|700||on|||||&#8220; header_3_text_color=&#8220;#f9002b&#8220; header_3_font_size=&#8220;16px&#8220; header_3_letter_spacing=&#8220;2px&#8220; header_3_line_height=&#8220;1.4em&#8220; background_layout=&#8220;dark&#8220; max_width=&#8220;600px&#8220; header_2_font_size_tablet=&#8220;30px&#8220; header_2_font_size_phone=&#8220;20px&#8220; header_2_font_size_last_edited=&#8220;on|phone&#8220; header_3_font_size_tablet=&#8220;14px&#8220; header_3_font_size_phone=&#8220;&#8220; header_3_font_size_last_edited=&#8220;on|phone&#8220; locked=&#8220;off&#8220; global_colors_info=&#8220;{}&#8220;]<\/p>\n<h2>DDK <strong>PARTNER<\/strong><\/h2>\n<h3>Experience SPORT<\/h3>\n<p>[\/et_pb_text][et_pb_image src=&#8220;http:\/\/www.daniel-kaplan.com\/wp-content\/uploads\/2025\/03\/IMG_9107-scaled.jpeg&#8220; _builder_version=&#8220;4.27.0&#8243; _module_preset=&#8220;default&#8220; title_text=&#8220;IMG_9107&#8243; hover_enabled=&#8220;0&#8243; sticky_enabled=&#8220;0&#8243;][\/et_pb_image][et_pb_text _builder_version=&#8220;4.19.5&#8243; header_2_font=&#8220;Montserrat|300|||||||&#8220; header_2_font_size=&#8220;40px&#8220; header_2_line_height=&#8220;1.2em&#8220; header_3_font=&#8220;Montserrat|700||on|||||&#8220; header_3_text_color=&#8220;#f9002b&#8220; header_3_font_size=&#8220;16px&#8220; header_3_letter_spacing=&#8220;2px&#8220; header_3_line_height=&#8220;1.4em&#8220; background_layout=&#8220;dark&#8220; max_width=&#8220;600px&#8220; header_2_font_size_tablet=&#8220;30px&#8220; header_2_font_size_phone=&#8220;20px&#8220; header_2_font_size_last_edited=&#8220;on|phone&#8220; header_3_font_size_tablet=&#8220;14px&#8220; header_3_font_size_phone=&#8220;&#8220; header_3_font_size_last_edited=&#8220;on|phone&#8220; locked=&#8220;off&#8220; global_colors_info=&#8220;{}&#8220;]<\/p>\n<h2>DDK <strong>PARTNER<\/strong><\/h2>\n<h3>Experience SPORT<\/h3>\n<p>[\/et_pb_text][et_pb_image src=&#8220;http:\/\/www.daniel-kaplan.com\/wp-content\/uploads\/2023\/01\/IMG_8649.jpeg&#8220; _builder_version=&#8220;4.27.0&#8243; _module_preset=&#8220;default&#8220; title_text=&#8220;LUKE\u0160 HB LOGO&#8220; hover_enabled=&#8220;0&#8243; sticky_enabled=&#8220;0&#8243;][\/et_pb_image][\/et_pb_column][et_pb_column _builder_version=&#8220;4.27.0&#8243; _module_preset=&#8220;default&#8220; type=&#8220;1_2&#8243;][et_pb_text _builder_version=&#8220;4.19.5&#8243; header_2_font=&#8220;Montserrat|300|||||||&#8220; header_2_font_size=&#8220;40px&#8220; header_2_line_height=&#8220;1.2em&#8220; header_3_font=&#8220;Montserrat|700||on|||||&#8220; header_3_text_color=&#8220;#f9002b&#8220; header_3_font_size=&#8220;16px&#8220; header_3_letter_spacing=&#8220;2px&#8220; header_3_line_height=&#8220;1.4em&#8220; background_layout=&#8220;dark&#8220; max_width=&#8220;600px&#8220; header_2_font_size_tablet=&#8220;30px&#8220; header_2_font_size_phone=&#8220;20px&#8220; header_2_font_size_last_edited=&#8220;on|phone&#8220; header_3_font_size_tablet=&#8220;14px&#8220; header_3_font_size_phone=&#8220;&#8220; header_3_font_size_last_edited=&#8220;on|phone&#8220; locked=&#8220;off&#8220; global_colors_info=&#8220;{}&#8220;]<\/p>\n<h2>ORBION CARS &#8211; <strong>MG<\/strong><\/h2>\n<h3>AUTORIZOVAN\u00dd PRODEJ A SERVIS MG<\/h3>\n<p>[\/et_pb_text][et_pb_text _builder_version=&#8220;4.27.0&#8243; text_line_height=&#8220;1.8em&#8220; link_text_align=&#8220;left&#8220; link_text_color=&#8220;#ffffff&#8220; header_4_font=&#8220;Montserrat|700||on|||||&#8220; header_4_text_color=&#8220;rgba(255,255,255,0.5)&#8220; header_4_font_size=&#8220;14px&#8220; header_4_letter_spacing=&#8220;2px&#8220; header_4_line_height=&#8220;1.4em&#8220; background_layout=&#8220;dark&#8220; max_width=&#8220;600px&#8220; hover_enabled=&#8220;0&#8243; locked=&#8220;off&#8220; global_colors_info=&#8220;{}&#8220; sticky_enabled=&#8220;0&#8243; link_option_url=&#8220;https:\/\/orbion.mgmotor-czech.cz\/o-mg\/&#8220; custom_padding=&#8220;||85px|||&#8220;]<\/p>\n<h4>JSME HRD\u00cd NA DLOUHOU HISTORII<\/h4>\n<p><span>Od zalo\u017een\u00ed Morris Garages v roce 1924 p\u0159ekvapovalo MG sv\u00fdmi schopnostmi p\u0159edb\u00edhat dobu. Vozy t\u00e9to kultovn\u00ed zna\u010dky jsou nyn\u00ed k dispozici nov\u00e9 generaci z\u00e1jemc\u016f. Modern\u00ed, atraktivn\u00ed, elektrifikovan\u00e9, nabit\u00e9 energi\u00ed a p\u0159ipraven\u00e9 na budouc\u00ed v\u00fdzvy.<\/span><\/p>\n<p>[\/et_pb_text][et_pb_text _builder_version=&#8220;4.27.0&#8243; header_2_font=&#8220;Montserrat|300|||||||&#8220; header_2_font_size=&#8220;40px&#8220; header_2_line_height=&#8220;1.2em&#8220; header_3_font=&#8220;Montserrat|700||on|||||&#8220; header_3_text_color=&#8220;#f9002b&#8220; header_3_font_size=&#8220;16px&#8220; header_3_letter_spacing=&#8220;2px&#8220; header_3_line_height=&#8220;1.4em&#8220; background_layout=&#8220;dark&#8220; max_width=&#8220;600px&#8220; hover_enabled=&#8220;0&#8243; header_2_font_size_tablet=&#8220;30px&#8220; header_2_font_size_phone=&#8220;20px&#8220; header_2_font_size_last_edited=&#8220;on|phone&#8220; header_3_font_size_tablet=&#8220;14px&#8220; header_3_font_size_phone=&#8220;&#8220; header_3_font_size_last_edited=&#8220;on|phone&#8220; locked=&#8220;off&#8220; global_colors_info=&#8220;{}&#8220; link_option_url=&#8220;https:\/\/www.lukes-hb.com&#8220; sticky_enabled=&#8220;0&#8243;]<\/p>\n<h2>LUKE\u0160 HB\u00a0<\/h2>\n<h3>STROJ\u00cdRENSK\u00c1 V\u00ddROBA<\/h3>\n<p>[\/et_pb_text][et_pb_text _builder_version=&#8220;4.27.0&#8243; text_line_height=&#8220;1.8em&#8220; link_text_align=&#8220;left&#8220; link_text_color=&#8220;#ffffff&#8220; header_4_font=&#8220;Montserrat|700||on|||||&#8220; header_4_text_color=&#8220;rgba(255,255,255,0.5)&#8220; header_4_font_size=&#8220;14px&#8220; header_4_letter_spacing=&#8220;2px&#8220; header_4_line_height=&#8220;1.4em&#8220; background_layout=&#8220;dark&#8220; max_width=&#8220;600px&#8220; hover_enabled=&#8220;0&#8243; locked=&#8220;off&#8220; global_colors_info=&#8220;{}&#8220; sticky_enabled=&#8220;0&#8243; link_option_url=&#8220;https:\/\/www.lukes-hb.com&#8220;]<\/p>\n<h4>25+ LET NA TRHU\/ KOMPLEXN\u00cd SLU\u017dBY<\/h4>\n<p><span>Jsme etablovan\u00e1 stroj\u00edrensk\u00e1 firma, kter\u00e1 vznikla 1.9.1999. Dnes je tak na\u0161e firma ji\u017e v\u00edce ne\u017e 25 let spolehliv\u00fdm dodavatelem obr\u00e1b\u011bn\u00fdch d\u00edlc\u016f pro v\u00fdznamn\u00e9 spole\u010dnosti nejen v \u010cR, ale tak\u00e9 po Evrop\u011b, Asii (\u010c\u00edna) a nejnov\u011bji od roku 2023 i v Americe (USA).<\/span><span><\/span><\/p>\n<p><span><\/span><\/p>\n<p><span>Zab\u00fdv\u00e1me se p\u0159edev\u0161\u00edm komplexn\u00ed stroj\u00edrenskou v\u00fdrobou od vypracov\u00e1n\u00ed cenov\u00e9 nab\u00eddky, konstruk\u010dn\u00edho n\u00e1vrhu, stanoven\u00ed technologick\u00e9ho postupu, n\u00e1kupu materi\u00e1lu, vlastn\u00ed v\u00fdroby, povrchov\u00e9 \u00fapravy, technick\u00e9 kontroly, balen\u00ed a\u017e po expedici.<\/span><\/p>\n<p><span><\/span><\/p>\n<p><span>Od roku 2012 trvale stoj\u00edme po boku DANIELA DAVIDA KAPLANA\u00a0<\/span><\/p>\n<p>[\/et_pb_text][\/et_pb_column][\/et_pb_row][\/et_pb_section]<\/p>\n","protected":false},"excerpt":{"rendered":"<p>NYN\u00cd MNE PODPORUJ\u00cd SPONZORINGDDKORBION CARS Autorizovan\u00fd prodej a servis MGCUSTOM BIKES DESIGNOV\u00c9 \u00daPRAVY MOTOREK &#8211; PAVEL \u010c\u00cdHAL\u00cdK DESIGNINKOS ZA\u0158\u00cdZEN\u00cd PRO \u010cI\u0160T\u011aN\u00cd ODPADN\u00cdCH A PR\u016eMYSLOV\u00ddCH VODFRANKIE MOTO PRODEJ A SEVIS MOTOCYKL\u016eDDK PARTNER Experience SPORTDDK PARTNER Experience SPORTORBION CARS &#8211; MG AUTORIZOVAN\u00dd PRODEJ A SERVIS MGJSME HRD\u00cd NA DLOUHOU HISTORII Od zalo\u017een\u00ed Morris Garages v roce 1924 [&hellip;]<\/p>\n","protected":false},"author":1,"featured_media":0,"parent":0,"menu_order":0,"comment_status":"closed","ping_status":"closed","template":"","meta":{"_et_pb_use_builder":"on","_et_pb_old_content":"","_et_gb_content_width":"","footnotes":""},"class_list":["post-65","page","type-page","status-publish","hentry"],"_links":{"self":[{"href":"https:\/\/www.daniel-kaplan.com\/index.php?rest_route=\/wp\/v2\/pages\/65","targetHints":{"allow":["GET"]}}],"collection":[{"href":"https:\/\/www.daniel-kaplan.com\/index.php?rest_route=\/wp\/v2\/pages"}],"about":[{"href":"https:\/\/www.daniel-kaplan.com\/index.php?rest_route=\/wp\/v2\/types\/page"}],"author":[{"embeddable":true,"href":"https:\/\/www.daniel-kaplan.com\/index.php?rest_route=\/wp\/v2\/users\/1"}],"replies":[{"embeddable":true,"href":"https:\/\/www.daniel-kaplan.com\/index.php?rest_route=%2Fwp%2Fv2%2Fcomments&post=65"}],"version-history":[{"count":8,"href":"https:\/\/www.daniel-kaplan.com\/index.php?rest_route=\/wp\/v2\/pages\/65\/revisions"}],"predecessor-version":[{"id":260,"href":"https:\/\/www.daniel-kaplan.com\/index.php?rest_route=\/wp\/v2\/pages\/65\/revisions\/260"}],"wp:attachment":[{"href":"https:\/\/www.daniel-kaplan.com\/index.php?rest_route=%2Fwp%2Fv2%2Fmedia&parent=65"}],"curies":[{"name":"wp","href":"https:\/\/api.w.org\/{rel}","templated":true}]}}